{"id":117,"date":"2017-04-18T14:54:40","date_gmt":"2017-04-18T14:54:40","guid":{"rendered":"http:\/\/www.schrotthandel-forst.de\/?page_id=117"},"modified":"2020-03-30T18:17:57","modified_gmt":"2020-03-30T18:17:57","slug":"das-unternehmen","status":"publish","type":"page","link":"https:\/\/www.schrotthandel-forst.de\/","title":{"rendered":"Das Unternehmen"},"content":{"rendered":"<h4 style=\"text-align: center;\">Ein Unternehmen mit Tradition<\/h4>\n<h5 style=\"text-align: center;\">Schon mein Gro\u00dfvater und Vater waren als Schrotth\u00e4ndler t\u00e4tig und nat\u00fcrlich blieb es da nicht aus, dass ich diese Tradition mit der eingebrachten Erfahrung fortf\u00fchre. Von dieser Erfahrung k\u00f6nnen auch Sie profitieren.<\/h5>\n<h5 style=\"text-align: center;\">Mein Unternehmen befindet sich in Forst\/Lausitz, aber wir sind nicht nur in Forst sondern auch in der n\u00e4heren und weiteren Umgebung t\u00e4tig.<\/h5>\n<h5 style=\"text-align: center;\">Von Kleinschrott aus dem Haushalt bis zum Stahltr\u00e4ger aus Industrieabbr\u00fcchen werden Schrott und Metalle von uns abgeholt, um sie der Wiederverwertung zuzuf\u00fchren.<\/h5>\n<h5 style=\"text-align: center;\">Mit unserer jahrelangen Erfahrung bei Abriss und Entkernung, egal ob es eine Holzh\u00fctte, ein Haus oder es sich um Industriegeb\u00e4ude handelt wir k\u00f6nnen Ihnen helfen.<\/h5>\n<h5 style=\"text-align: center;\">Deshalb rufen Sie uns an, wir beraten Sie gerne pers\u00f6nlich.<\/h5>\n<h5 style=\"text-align: center;\"><span style=\"color: #3366ff;\">Mobil: 0173 5727412<\/span><\/h5>\n<h5 style=\"text-align: center;\"><span style=\"color: #3366ff;\">\u00d6ffnungszeiten: Mo.-Fr. von 8:00-16:00 Uhr<\/span><\/h5>\n","protected":false},"excerpt":{"rendered":"<p>Ein Unternehmen mit Tradition Schon mein Gro\u00dfvater und Vater waren als Schrotth\u00e4ndler t\u00e4tig und nat\u00fcrlich blieb es da nicht aus, dass ich diese Tradition mit der eingebrachten Erfahrung fortf\u00fchre. Von dieser Erfahrung k\u00f6nnen auch Sie profitieren. Mein Unternehmen befindet sich in Forst\/Lausitz, aber wir sind nicht nur in Forst sondern&hellip;<\/p>\n","protected":false},"author":1,"featured_media":0,"parent":0,"menu_order":0,"comment_status":"closed","ping_status":"closed","template":"","meta":{"footnotes":""},"class_list":["post-117","page","type-page","status-publish","hentry"],"_links":{"self":[{"href":"https:\/\/www.schrotthandel-forst.de\/index.php?rest_route=\/wp\/v2\/pages\/117","targetHints":{"allow":["GET"]}}],"collection":[{"href":"https:\/\/www.schrotthandel-forst.de\/index.php?rest_route=\/wp\/v2\/pages"}],"about":[{"href":"https:\/\/www.schrotthandel-forst.de\/index.php?rest_route=\/wp\/v2\/types\/page"}],"author":[{"embeddable":true,"href":"https:\/\/www.schrotthandel-forst.de\/index.php?rest_route=\/wp\/v2\/users\/1"}],"replies":[{"embeddable":true,"href":"https:\/\/www.schrotthandel-forst.de\/index.php?rest_route=%2Fwp%2Fv2%2Fcomments&post=117"}],"version-history":[{"count":7,"href":"https:\/\/www.schrotthandel-forst.de\/index.php?rest_route=\/wp\/v2\/pages\/117\/revisions"}],"predecessor-version":[{"id":161,"href":"https:\/\/www.schrotthandel-forst.de\/index.php?rest_route=\/wp\/v2\/pages\/117\/revisions\/161"}],"wp:attachment":[{"href":"https:\/\/www.schrotthandel-forst.de\/index.php?rest_route=%2Fwp%2Fv2%2Fmedia&parent=117"}],"curies":[{"name":"wp","href":"https:\/\/api.w.org\/{rel}","templated":true}]}}