{"id":97,"date":"2017-04-18T14:24:35","date_gmt":"2017-04-18T14:24:35","guid":{"rendered":"http:\/\/www.schrotthandel-forst.de\/?page_id=97"},"modified":"2020-03-30T18:18:31","modified_gmt":"2020-03-30T18:18:31","slug":"kontakt","status":"publish","type":"page","link":"https:\/\/www.schrotthandel-forst.de\/?page_id=97","title":{"rendered":"Kontakt"},"content":{"rendered":"<h3 style=\"text-align: center;\">Schrotthandel Waizenh\u00f6fer<\/h3>\n<h4 style=\"text-align: center;\">Inhaber: Ralf Waizenh\u00f6fer<\/h4>\n<h4 style=\"text-align: center;\"><span style=\"color: #3366ff;\"><strong>\u00d6ffnungszeiten: Mo.-Fr. von 8:00-16:00 Uhr<\/strong><\/span><\/h4>\n<h4 style=\"text-align: center;\">Alsenstra\u00dfe 6, 03149 Forst (Lausitz)<\/h4>\n<h4 style=\"text-align: center;\"><span style=\"color: #3366ff;\">Mobil: 0173 5727412<\/span><\/h4>\n<h4 style=\"text-align: center;\">Festnetz: 03562 664617<\/h4>\n<h4 style=\"text-align: center;\">B\u00fcro: Immanuel-Kant-Stra\u00dfe 9<\/h4>\n<h4 style=\"text-align: center;\">03149 Forst (Lausitz)<\/h4>\n","protected":false},"excerpt":{"rendered":"<p>Schrotthandel Waizenh\u00f6fer Inhaber: Ralf Waizenh\u00f6fer \u00d6ffnungszeiten: Mo.-Fr. von 8:00-16:00 Uhr Alsenstra\u00dfe 6, 03149 Forst (Lausitz) Mobil: 0173 5727412 Festnetz: 03562 664617 B\u00fcro: Immanuel-Kant-Stra\u00dfe 9 03149 Forst (Lausitz)<\/p>\n","protected":false},"author":1,"featured_media":0,"parent":0,"menu_order":3,"comment_status":"closed","ping_status":"closed","template":"","meta":{"footnotes":""},"class_list":["post-97","page","type-page","status-publish","hentry"],"_links":{"self":[{"href":"https:\/\/www.schrotthandel-forst.de\/index.php?rest_route=\/wp\/v2\/pages\/97","targetHints":{"allow":["GET"]}}],"collection":[{"href":"https:\/\/www.schrotthandel-forst.de\/index.php?rest_route=\/wp\/v2\/pages"}],"about":[{"href":"https:\/\/www.schrotthandel-forst.de\/index.php?rest_route=\/wp\/v2\/types\/page"}],"author":[{"embeddable":true,"href":"https:\/\/www.schrotthandel-forst.de\/index.php?rest_route=\/wp\/v2\/users\/1"}],"replies":[{"embeddable":true,"href":"https:\/\/www.schrotthandel-forst.de\/index.php?rest_route=%2Fwp%2Fv2%2Fcomments&post=97"}],"version-history":[{"count":7,"href":"https:\/\/www.schrotthandel-forst.de\/index.php?rest_route=\/wp\/v2\/pages\/97\/revisions"}],"predecessor-version":[{"id":162,"href":"https:\/\/www.schrotthandel-forst.de\/index.php?rest_route=\/wp\/v2\/pages\/97\/revisions\/162"}],"wp:attachment":[{"href":"https:\/\/www.schrotthandel-forst.de\/index.php?rest_route=%2Fwp%2Fv2%2Fmedia&parent=97"}],"curies":[{"name":"wp","href":"https:\/\/api.w.org\/{rel}","templated":true}]}}